{"id":96,"date":"2018-08-26T12:33:28","date_gmt":"2018-08-26T10:33:28","guid":{"rendered":"http:\/\/mairie-la-chaussee-sur-marne.fr\/?page_id=96"},"modified":"2024-12-08T15:33:18","modified_gmt":"2024-12-08T14:33:18","slug":"calendrier-salle-des-fetes","status":"publish","type":"page","link":"https:\/\/mairie-la-chaussee-sur-marne.fr\/index.php\/calendrier-salle-des-fetes\/","title":{"rendered":"R\u00e9servation des salles"},"content":{"rendered":"\n<p class=\"has-text-align-center\">Vous trouverez ci dessous les calendriers de r\u00e9servations de la Salle des F\u00eates et de la Salle de l&rsquo;Atelier ainsi que le r\u00e8glement int\u00e9rieur et le contrat.<\/p>\n\n\n<p><iframe loading=\"lazy\" style=\"border: 0;\" src=\"https:\/\/calendar.google.com\/calendar\/embed?src=lachausseemairie%40gmail.com&amp;ctz=Europe%2FParis\" width=\"600\" height=\"400\" frameborder=\"0\" scrolling=\"no\"><\/iframe><\/p>\n\n\n<p><\/p>\n\n\n<p><iframe loading=\"lazy\" src=\"https:\/\/calendar.google.com\/calendar\/embed?src=lbn07l9ul9lflfj6hnjjsac874%40group.calendar.google.com&amp;ctz=Europe%2FParis\" style=\"border: 0\" scrolling=\"no\" width=\"600\" height=\"400\" frameborder=\"0\"><\/iframe><\/p>\n\n\n<p><strong><a href=\"http:\/\/mairie-la-chaussee-sur-marne.fr\/wp-content\/uploads\/2024\/12\/r\u00e8glement-int\u00e9rieur-complet-de-la-sdf.pdf\" target=\"_blank\" rel=\"noreferrer noopener\">R\u00e8glement int\u00e9rieur<\/a><\/strong><\/p>\n\n\n\n<p><strong><a href=\"http:\/\/mairie-la-chaussee-sur-marne.fr\/wp-content\/uploads\/2024\/06\/20240620_093934.pdf\">Contrat location<\/a><\/strong><\/p>\n","protected":false},"excerpt":{"rendered":"<p>Vous trouverez ci dessous les calendriers de r\u00e9servations de la Salle des F\u00eates et de la Salle de l&rsquo;Atelier ainsi que le r\u00e8glement int\u00e9rieur et le contrat. R\u00e8glement int\u00e9rieur Contrat location<\/p>\n","protected":false},"author":3,"featured_media":0,"parent":0,"menu_order":0,"comment_status":"closed","ping_status":"closed","template":"","meta":{"footnotes":""},"class_list":["post-96","page","type-page","status-publish","hentry"],"_links":{"self":[{"href":"https:\/\/mairie-la-chaussee-sur-marne.fr\/index.php\/wp-json\/wp\/v2\/pages\/96","targetHints":{"allow":["GET"]}}],"collection":[{"href":"https:\/\/mairie-la-chaussee-sur-marne.fr\/index.php\/wp-json\/wp\/v2\/pages"}],"about":[{"href":"https:\/\/mairie-la-chaussee-sur-marne.fr\/index.php\/wp-json\/wp\/v2\/types\/page"}],"author":[{"embeddable":true,"href":"https:\/\/mairie-la-chaussee-sur-marne.fr\/index.php\/wp-json\/wp\/v2\/users\/3"}],"replies":[{"embeddable":true,"href":"https:\/\/mairie-la-chaussee-sur-marne.fr\/index.php\/wp-json\/wp\/v2\/comments?post=96"}],"version-history":[{"count":16,"href":"https:\/\/mairie-la-chaussee-sur-marne.fr\/index.php\/wp-json\/wp\/v2\/pages\/96\/revisions"}],"predecessor-version":[{"id":1545,"href":"https:\/\/mairie-la-chaussee-sur-marne.fr\/index.php\/wp-json\/wp\/v2\/pages\/96\/revisions\/1545"}],"wp:attachment":[{"href":"https:\/\/mairie-la-chaussee-sur-marne.fr\/index.php\/wp-json\/wp\/v2\/media?parent=96"}],"curies":[{"name":"wp","href":"https:\/\/api.w.org\/{rel}","templated":true}]}}