{"id":928,"date":"2021-08-01T15:53:50","date_gmt":"2021-08-01T13:53:50","guid":{"rendered":"http:\/\/mairie-la-chaussee-sur-marne.fr\/?page_id=928"},"modified":"2022-11-24T18:16:01","modified_gmt":"2022-11-24T17:16:01","slug":"manifestations","status":"publish","type":"page","link":"https:\/\/mairie-la-chaussee-sur-marne.fr\/index.php\/manifestations\/","title":{"rendered":"Manifestations"},"content":{"rendered":"\n<p><a href=\"http:\/\/mairie-la-chaussee-sur-marne.fr\/index.php\/salon-du-livre-11-12-2022\/\">Salon du livre 11.12.2022<\/a><\/p>\n\n\n\n<p><a href=\"http:\/\/mairie-la-chaussee-sur-marne.fr\/index.php\/fete-patronale-spectacle-la-bas\/\">F\u00eate patronale + Spectacle \u00ab La-bas \u00bb<\/a><\/p>\n\n\n\n<p><a href=\"http:\/\/mairie-la-chaussee-sur-marne.fr\/index.php\/mechoui-14-07-2022\/\">M\u00e9choui 14.07.2022<\/a><\/p>\n\n\n\n<p><a href=\"http:\/\/mairie-la-chaussee-sur-marne.fr\/index.php\/paques-2022\/\">P\u00e2ques 2022<\/a><\/p>\n\n\n\n<p><a href=\"http:\/\/mairie-la-chaussee-sur-marne.fr\/index.php\/manifestations\/piece-de-theatre-cacahuete\/\">Pi\u00e8ce de Th\u00e9\u00e2tre \u00ab\u00a0CACAHU\u00c8TE\u00a0\u00bb le 19.02.2022<\/a><\/p>\n\n\n\n<p><a href=\"http:\/\/mairie-la-chaussee-sur-marne.fr\/index.php\/salon-du-livre-12-12-2021\/\">Salon du livre 12.12.2021<\/a><\/p>\n\n\n\n<p><a href=\"http:\/\/mairie-la-chaussee-sur-marne.fr\/index.php\/fete-patronale-spectacle-la-cuisiniere\/\">F\u00eate Patronale + Spectacle \u00ab\u00a0La cuisini\u00e8re\u00a0\u00bb<\/a><\/p>\n\n\n\n<p><a href=\"http:\/\/mairie-la-chaussee-sur-marne.fr\/index.php\/performance-jonglee-24-25-juillet-2021\/\">Performance jongl\u00e9e le 24-25 juillet 2021<\/a><\/p>\n","protected":false},"excerpt":{"rendered":"<p>Salon du livre 11.12.2022 F\u00eate patronale + Spectacle \u00ab La-bas \u00bb M\u00e9choui 14.07.2022 P\u00e2ques 2022 Pi\u00e8ce de Th\u00e9\u00e2tre \u00ab\u00a0CACAHU\u00c8TE\u00a0\u00bb le 19.02.2022 Salon du livre 12.12.2021 F\u00eate Patronale + Spectacle \u00ab\u00a0La cuisini\u00e8re\u00a0\u00bb Performance jongl\u00e9e le 24-25 juillet 2021<\/p>\n","protected":false},"author":3,"featured_media":0,"parent":0,"menu_order":0,"comment_status":"closed","ping_status":"closed","template":"","meta":{"footnotes":""},"class_list":["post-928","page","type-page","status-publish","hentry"],"_links":{"self":[{"href":"https:\/\/mairie-la-chaussee-sur-marne.fr\/index.php\/wp-json\/wp\/v2\/pages\/928","targetHints":{"allow":["GET"]}}],"collection":[{"href":"https:\/\/mairie-la-chaussee-sur-marne.fr\/index.php\/wp-json\/wp\/v2\/pages"}],"about":[{"href":"https:\/\/mairie-la-chaussee-sur-marne.fr\/index.php\/wp-json\/wp\/v2\/types\/page"}],"author":[{"embeddable":true,"href":"https:\/\/mairie-la-chaussee-sur-marne.fr\/index.php\/wp-json\/wp\/v2\/users\/3"}],"replies":[{"embeddable":true,"href":"https:\/\/mairie-la-chaussee-sur-marne.fr\/index.php\/wp-json\/wp\/v2\/comments?post=928"}],"version-history":[{"count":17,"href":"https:\/\/mairie-la-chaussee-sur-marne.fr\/index.php\/wp-json\/wp\/v2\/pages\/928\/revisions"}],"predecessor-version":[{"id":1436,"href":"https:\/\/mairie-la-chaussee-sur-marne.fr\/index.php\/wp-json\/wp\/v2\/pages\/928\/revisions\/1436"}],"wp:attachment":[{"href":"https:\/\/mairie-la-chaussee-sur-marne.fr\/index.php\/wp-json\/wp\/v2\/media?parent=928"}],"curies":[{"name":"wp","href":"https:\/\/api.w.org\/{rel}","templated":true}]}}