{"id":9,"date":"2018-03-16T09:20:32","date_gmt":"2018-03-16T08:20:32","guid":{"rendered":"http:\/\/93.113.206.63\/?page_id=9"},"modified":"2026-04-29T18:51:38","modified_gmt":"2026-04-29T16:51:38","slug":"demarche-en-ligne","status":"publish","type":"page","link":"https:\/\/mairie-la-chaussee-sur-marne.fr\/index.php\/demarche-en-ligne\/","title":{"rendered":"D\u00e9marches en ligne"},"content":{"rendered":"<p>[vc_row][vc_column]<div role=\"form\" class=\"wpcf7\" id=\"wpcf7-f141-o1\" lang=\"fr-FR\" dir=\"ltr\">\n<div class=\"screen-reader-response\" aria-live=\"polite\"><\/div>\n<form action=\"\/index.php\/wp-json\/wp\/v2\/pages\/9#wpcf7-f141-o1\" method=\"post\" class=\"wpcf7-form\" novalidate=\"novalidate\">\n<div style=\"display: none;\">\n<input type=\"hidden\" name=\"_wpcf7\" value=\"141\" \/>\n<input type=\"hidden\" name=\"_wpcf7_version\" value=\"5.1.9\" \/>\n<input type=\"hidden\" name=\"_wpcf7_locale\" value=\"fr_FR\" \/>\n<input type=\"hidden\" name=\"_wpcf7_unit_tag\" value=\"wpcf7-f141-o1\" \/>\n<input type=\"hidden\" name=\"_wpcf7_container_post\" value=\"0\" \/>\n<\/div>\n<p>Vous pouvez utiliser ce formulaire pour faire une demande en ligne de documents. Vous serez avertis de leur date de disponibilit\u00e9 en mairie par le secr\u00e9tariat.<\/p>\n<p><label> Votre nom (obligatoire)<br \/>\n    <span class=\"wpcf7-form-control-wrap your-name\"><input type=\"text\" name=\"your-name\" value=\"\" size=\"40\" class=\"wpcf7-form-control wpcf7-text wpcf7-validates-as-required\" aria-required=\"true\" aria-invalid=\"false\" \/><\/span> <\/label><\/p>\n<p><label> Votre adresse de messagerie (obligatoire)<br \/>\n    <span class=\"wpcf7-form-control-wrap your-email\"><input type=\"email\" name=\"your-email\" value=\"\" size=\"40\" class=\"wpcf7-form-control wpcf7-text wpcf7-email wpcf7-validates-as-required wpcf7-validates-as-email\" aria-required=\"true\" aria-invalid=\"false\" \/><\/span> <\/label><\/p>\n<p><label> Objet<br \/>\n    <span class=\"wpcf7-form-control-wrap your-subject\"><input type=\"text\" name=\"your-subject\" value=\"\" size=\"40\" class=\"wpcf7-form-control wpcf7-text\" aria-invalid=\"false\" \/><\/span> <\/label><\/p>\n<p><label> Votre demande<br \/>\n    <span class=\"wpcf7-form-control-wrap your-message\"><textarea name=\"your-message\" cols=\"40\" rows=\"10\" class=\"wpcf7-form-control wpcf7-textarea\" aria-invalid=\"false\"><\/textarea><\/span> <\/label><\/p>\n<p><input type=\"submit\" value=\"Envoyer\" class=\"wpcf7-form-control wpcf7-submit\" \/><\/p>\n<p style=\"display: none !important;\" class=\"akismet-fields-container\" data-prefix=\"_wpcf7_ak_\"><label>&#916;<textarea name=\"_wpcf7_ak_hp_textarea\" cols=\"45\" rows=\"8\" maxlength=\"100\"><\/textarea><\/label><input type=\"hidden\" id=\"ak_js_1\" name=\"_wpcf7_ak_js\" value=\"61\"\/><script>document.getElementById( \"ak_js_1\" ).setAttribute( \"value\", ( new Date() ).getTime() );<\/script><\/p><div class=\"wpcf7-response-output wpcf7-display-none\" aria-hidden=\"true\"><\/div><\/form><\/div>[\/vc_column][\/vc_row]<\/p>\n\n\n\n<ul class=\"wp-block-list\">\n<li><strong>Demande de 13939*01 &#8211; D\u00e9claration pr\u00e9alable d&rsquo;une vente au d\u00e9ballage<\/strong><\/li>\n<\/ul>\n\n\n\n<p><a href=\"https:\/\/www.formulaires.service-public.fr\/gf\/cerfa_13939.do\">https:\/\/www.formulaires.service-public.fr\/gf\/cerfa_13939.do<\/a><\/p>\n\n\n\n<ul class=\"wp-block-list\">\n<li><strong>Pr\u00e9-demande pour une premi\u00e8re carte d&rsquo;identit\u00e9<\/strong><\/li>\n<\/ul>\n\n\n\n<p><a href=\"https:\/\/www.service-public.gouv.fr\/particuliers\/vosdroits\/R45668\">https:\/\/www.service-public.gouv.fr\/particuliers\/vosdroits\/R45668<\/a><\/p>\n\n\n\n<ul class=\"wp-block-list\">\n<li><strong>Pr\u00e9-demande pour un renouvellement de carte d&rsquo;identit\u00e9 <\/strong><\/li>\n<\/ul>\n\n\n\n<p><a href=\"https:\/\/www.service-public.gouv.fr\/particuliers\/vosdroits\/R62483\">https:\/\/www.service-public.gouv.fr\/particuliers\/vosdroits\/R62483<\/a><\/p>\n\n\n\n<ul class=\"wp-block-list\">\n<li><strong>D\u00e9claration pr\u00e9alable constructions et travaux non soumis \u00e0 permis de construire<\/strong><\/li>\n<\/ul>\n\n\n\n<p><a href=\"https:\/\/www.formulaires.service-public.gouv.fr\/gf\/cerfa_16702.do\">https:\/\/www.formulaires.service-public.gouv.fr\/gf\/cerfa_16702.do<\/a><\/p>\n\n\n\n<ul class=\"wp-block-list\">\n<li><strong>Demande de permis de construire pour une maison individuelle et\/ou ses annexes (PCMI)<\/strong><\/li>\n<\/ul>\n\n\n\n<p><a href=\"https:\/\/www.formulaires.service-public.gouv.fr\/gf\/cerfa_13406.do\">https:\/\/www.formulaires.service-public.gouv.fr\/gf\/cerfa_13406.do<\/a><\/p>\n\n\n\n<ul class=\"wp-block-list\">\n<li><strong>Demande de permis de d\u00e9molir<\/strong><\/li>\n<\/ul>\n\n\n\n<p><a href=\"https:\/\/www.formulaires.service-public.gouv.fr\/gf\/cerfa_13405.do\">https:\/\/www.formulaires.service-public.gouv.fr\/gf\/cerfa_13405.do<\/a><\/p>\n\n\n\n<ul class=\"wp-block-list\">\n<li><strong>Demande de recensement citoyen obligatoire<\/strong><\/li>\n<\/ul>\n\n\n\n<p><a href=\"https:\/\/demarches.service-public.gouv.fr\/mademarche\/recensementCitoyen\/demarche\">https:\/\/demarches.service-public.gouv.fr\/mademarche\/recensementCitoyen\/demarche<\/a><\/p>\n\n\n\n<ul class=\"wp-block-list\">\n<li><strong>Demande d\u2019extrait de matrice cadastrale<\/strong><\/li>\n<\/ul>\n\n\n\n<p><a href=\"https:\/\/www.impots.gouv.fr\/sites\/default\/files\/formulaires\/6815-em-sd\/2012\/6815-em-sd_31.pdf\">https:\/\/www.impots.gouv.fr\/sites\/default\/files\/formulaires\/6815-em-sd\/2012\/6815-em-sd_31.pdf<\/a><\/p>\n\n\n\n<p><a href=\"https:\/\/france-cadastre.fr\/cadastre\/chaussee-sur-marne\">https:\/\/france-cadastre.fr\/cadastre\/chaussee-sur-marne<\/a><\/p>\n\n\n\n<p><\/p>\n","protected":false},"excerpt":{"rendered":"<p>https:\/\/www.formulaires.service-public.fr\/gf\/cerfa_13939.do https:\/\/www.service-public.gouv.fr\/particuliers\/vosdroits\/R45668 https:\/\/www.service-public.gouv.fr\/particuliers\/vosdroits\/R62483 https:\/\/www.formulaires.service-public.gouv.fr\/gf\/cerfa_16702.do https:\/\/www.formulaires.service-public.gouv.fr\/gf\/cerfa_13406.do https:\/\/www.formulaires.service-public.gouv.fr\/gf\/cerfa_13405.do https:\/\/demarches.service-public.gouv.fr\/mademarche\/recensementCitoyen\/demarche https:\/\/www.impots.gouv.fr\/sites\/default\/files\/formulaires\/6815-em-sd\/2012\/6815-em-sd_31.pdf https:\/\/france-cadastre.fr\/cadastre\/chaussee-sur-marne<\/p>\n","protected":false},"author":2,"featured_media":0,"parent":0,"menu_order":0,"comment_status":"closed","ping_status":"closed","template":"","meta":{"footnotes":""},"class_list":["post-9","page","type-page","status-publish","hentry"],"_links":{"self":[{"href":"https:\/\/mairie-la-chaussee-sur-marne.fr\/index.php\/wp-json\/wp\/v2\/pages\/9","targetHints":{"allow":["GET"]}}],"collection":[{"href":"https:\/\/mairie-la-chaussee-sur-marne.fr\/index.php\/wp-json\/wp\/v2\/pages"}],"about":[{"href":"https:\/\/mairie-la-chaussee-sur-marne.fr\/index.php\/wp-json\/wp\/v2\/types\/page"}],"author":[{"embeddable":true,"href":"https:\/\/mairie-la-chaussee-sur-marne.fr\/index.php\/wp-json\/wp\/v2\/users\/2"}],"replies":[{"embeddable":true,"href":"https:\/\/mairie-la-chaussee-sur-marne.fr\/index.php\/wp-json\/wp\/v2\/comments?post=9"}],"version-history":[{"count":12,"href":"https:\/\/mairie-la-chaussee-sur-marne.fr\/index.php\/wp-json\/wp\/v2\/pages\/9\/revisions"}],"predecessor-version":[{"id":1634,"href":"https:\/\/mairie-la-chaussee-sur-marne.fr\/index.php\/wp-json\/wp\/v2\/pages\/9\/revisions\/1634"}],"wp:attachment":[{"href":"https:\/\/mairie-la-chaussee-sur-marne.fr\/index.php\/wp-json\/wp\/v2\/media?parent=9"}],"curies":[{"name":"wp","href":"https:\/\/api.w.org\/{rel}","templated":true}]}}