{"id":87,"date":"2018-08-25T09:29:15","date_gmt":"2018-08-25T07:29:15","guid":{"rendered":"http:\/\/mairie-la-chaussee-sur-marne.fr\/?page_id=87"},"modified":"2019-09-14T10:26:02","modified_gmt":"2019-09-14T08:26:02","slug":"les-associations","status":"publish","type":"page","link":"https:\/\/mairie-la-chaussee-sur-marne.fr\/index.php\/les-associations\/","title":{"rendered":"Les associations"},"content":{"rendered":"<p>Liste des diff\u00e9rentes associations du village:<\/p>\n<p><a href=\"http:\/\/mairie-la-chaussee-sur-marne.fr\/index.php\/les-associations\/associations\/\" target=\"_blank\" rel=\"noopener noreferrer\">La Chauss\u00e9e sur Marne, Histoire et patrimoine<\/a><\/p>\n<p><a href=\"http:\/\/mairie-la-chaussee-sur-marne.fr\/index.php\/les-associations\/usc\/\">Football Club Chauss\u00e9en<\/a><\/p>\n<p><a href=\"http:\/\/mairie-la-chaussee-sur-marne.fr\/index.php\/les-associations\/lunion-sportive-et-culturelle\/\">Centre Culturel et Sportif<\/a><\/p>\n<p><a href=\"http:\/\/mairie-la-chaussee-sur-marne.fr\/index.php\/les-associations\/familles-rurales\/\">Familles Rurales<\/a><\/p>\n<p><a href=\"http:\/\/mairie-la-chaussee-sur-marne.fr\/index.php\/les-associations\/associations-des-parents-deleves\/\">Association des Parents d\u2019El\u00e8ves du groupement scolaire Ablancourt \u2013 Aulnay l\u2019A\u00eetre \u2013 La Chauss\u00e9e sur Marne<\/a><\/p>\n","protected":false},"excerpt":{"rendered":"<p>Liste des diff\u00e9rentes associations du village: La Chauss\u00e9e sur Marne, Histoire et patrimoine Football Club Chauss\u00e9en Centre Culturel et Sportif Familles Rurales Association des Parents d\u2019El\u00e8ves du groupement scolaire Ablancourt \u2013 Aulnay l\u2019A\u00eetre \u2013 La Chauss\u00e9e sur Marne<\/p>\n","protected":false},"author":3,"featured_media":0,"parent":0,"menu_order":0,"comment_status":"closed","ping_status":"closed","template":"","meta":{"footnotes":""},"class_list":["post-87","page","type-page","status-publish","hentry"],"_links":{"self":[{"href":"https:\/\/mairie-la-chaussee-sur-marne.fr\/index.php\/wp-json\/wp\/v2\/pages\/87","targetHints":{"allow":["GET"]}}],"collection":[{"href":"https:\/\/mairie-la-chaussee-sur-marne.fr\/index.php\/wp-json\/wp\/v2\/pages"}],"about":[{"href":"https:\/\/mairie-la-chaussee-sur-marne.fr\/index.php\/wp-json\/wp\/v2\/types\/page"}],"author":[{"embeddable":true,"href":"https:\/\/mairie-la-chaussee-sur-marne.fr\/index.php\/wp-json\/wp\/v2\/users\/3"}],"replies":[{"embeddable":true,"href":"https:\/\/mairie-la-chaussee-sur-marne.fr\/index.php\/wp-json\/wp\/v2\/comments?post=87"}],"version-history":[{"count":13,"href":"https:\/\/mairie-la-chaussee-sur-marne.fr\/index.php\/wp-json\/wp\/v2\/pages\/87\/revisions"}],"predecessor-version":[{"id":524,"href":"https:\/\/mairie-la-chaussee-sur-marne.fr\/index.php\/wp-json\/wp\/v2\/pages\/87\/revisions\/524"}],"wp:attachment":[{"href":"https:\/\/mairie-la-chaussee-sur-marne.fr\/index.php\/wp-json\/wp\/v2\/media?parent=87"}],"curies":[{"name":"wp","href":"https:\/\/api.w.org\/{rel}","templated":true}]}}