{"id":764,"date":"2020-09-21T18:19:36","date_gmt":"2020-09-21T16:19:36","guid":{"rendered":"http:\/\/mairie-la-chaussee-sur-marne.fr\/?page_id=764"},"modified":"2020-09-25T13:08:55","modified_gmt":"2020-09-25T11:08:55","slug":"informations-pratiques","status":"publish","type":"page","link":"https:\/\/mairie-la-chaussee-sur-marne.fr\/index.php\/informations-pratiques\/","title":{"rendered":"Informations pratiques"},"content":{"rendered":"\n<h3 class=\"wp-block-heading\">Tranquillit\u00e9 Vacances: <a rel=\"noreferrer noopener\" href=\"https:\/\/www.service-public.fr\/particuliers\/vosdroits\/R41033\" target=\"_blank\">FORMULAIRE<\/a><\/h3>\n\n\n\n<h3 class=\"wp-block-heading\">Probl\u00e8me Electrique: <a rel=\"noreferrer noopener\" href=\"http:\/\/mairie-la-chaussee-sur-marne.fr\/wp-content\/uploads\/2020\/09\/probleme-electrique.jpg\" target=\"_blank\">DETAILS<\/a><\/h3>\n\n\n\n<h3 class=\"wp-block-heading\">Dommage r\u00e9seau Orange: <a rel=\"noreferrer noopener\" href=\"https:\/\/dommages-reseaux.orange.fr\/dist-dommages\/app\/home\" target=\"_blank\">FORMULAIRE<\/a><\/h3>\n\n\n\n<p><\/p>\n","protected":false},"excerpt":{"rendered":"<p>Tranquillit\u00e9 Vacances: FORMULAIRE Probl\u00e8me Electrique: DETAILS Dommage r\u00e9seau Orange: FORMULAIRE<\/p>\n","protected":false},"author":3,"featured_media":0,"parent":0,"menu_order":0,"comment_status":"closed","ping_status":"closed","template":"","meta":{"footnotes":""},"class_list":["post-764","page","type-page","status-publish","hentry"],"_links":{"self":[{"href":"https:\/\/mairie-la-chaussee-sur-marne.fr\/index.php\/wp-json\/wp\/v2\/pages\/764","targetHints":{"allow":["GET"]}}],"collection":[{"href":"https:\/\/mairie-la-chaussee-sur-marne.fr\/index.php\/wp-json\/wp\/v2\/pages"}],"about":[{"href":"https:\/\/mairie-la-chaussee-sur-marne.fr\/index.php\/wp-json\/wp\/v2\/types\/page"}],"author":[{"embeddable":true,"href":"https:\/\/mairie-la-chaussee-sur-marne.fr\/index.php\/wp-json\/wp\/v2\/users\/3"}],"replies":[{"embeddable":true,"href":"https:\/\/mairie-la-chaussee-sur-marne.fr\/index.php\/wp-json\/wp\/v2\/comments?post=764"}],"version-history":[{"count":4,"href":"https:\/\/mairie-la-chaussee-sur-marne.fr\/index.php\/wp-json\/wp\/v2\/pages\/764\/revisions"}],"predecessor-version":[{"id":781,"href":"https:\/\/mairie-la-chaussee-sur-marne.fr\/index.php\/wp-json\/wp\/v2\/pages\/764\/revisions\/781"}],"wp:attachment":[{"href":"https:\/\/mairie-la-chaussee-sur-marne.fr\/index.php\/wp-json\/wp\/v2\/media?parent=764"}],"curies":[{"name":"wp","href":"https:\/\/api.w.org\/{rel}","templated":true}]}}