{"id":6,"date":"2020-07-15T09:20:00","date_gmt":"2020-07-15T07:20:00","guid":{"rendered":"http:\/\/93.113.206.63\/?page_id=6"},"modified":"2024-06-14T17:24:32","modified_gmt":"2024-06-14T15:24:32","slug":"entreprises","status":"publish","type":"page","link":"https:\/\/mairie-la-chaussee-sur-marne.fr\/index.php\/entreprises\/","title":{"rendered":"Entreprises"},"content":{"rendered":"<h4>\u00a0Restauration<\/h4>\n<p><a href=\"http:\/\/www.clos-de-mutigny.com\/\">Le Clos de Mutigny<\/a><\/p>\n<h4>\u00a0H\u00e9bergement<\/h4>\n<p><a href=\"https:\/\/www.gites-de-france-marne.com\/fr\/location\/locations-gites-la-chaussee-sur-marne-51g190-la-chaussee-sur-marne-h51g002036\">G\u00eetes de France<\/a><\/p>\n<p><a href=\"https:\/\/gite-a-la-maison.e-monsite.com\/\">G\u00eete \u00ab\u00a0A la Maison\u00a0\u00bb<\/a><\/p>\n\n\n<p><\/p>\n","protected":false},"excerpt":{"rendered":"<p>\u00a0Restauration Le Clos de Mutigny \u00a0H\u00e9bergement G\u00eetes de France G\u00eete \u00ab\u00a0A la Maison\u00a0\u00bb<\/p>\n","protected":false},"author":3,"featured_media":0,"parent":0,"menu_order":0,"comment_status":"closed","ping_status":"closed","template":"","meta":{"footnotes":""},"class_list":["post-6","page","type-page","status-publish","hentry"],"_links":{"self":[{"href":"https:\/\/mairie-la-chaussee-sur-marne.fr\/index.php\/wp-json\/wp\/v2\/pages\/6","targetHints":{"allow":["GET"]}}],"collection":[{"href":"https:\/\/mairie-la-chaussee-sur-marne.fr\/index.php\/wp-json\/wp\/v2\/pages"}],"about":[{"href":"https:\/\/mairie-la-chaussee-sur-marne.fr\/index.php\/wp-json\/wp\/v2\/types\/page"}],"author":[{"embeddable":true,"href":"https:\/\/mairie-la-chaussee-sur-marne.fr\/index.php\/wp-json\/wp\/v2\/users\/3"}],"replies":[{"embeddable":true,"href":"https:\/\/mairie-la-chaussee-sur-marne.fr\/index.php\/wp-json\/wp\/v2\/comments?post=6"}],"version-history":[{"count":10,"href":"https:\/\/mairie-la-chaussee-sur-marne.fr\/index.php\/wp-json\/wp\/v2\/pages\/6\/revisions"}],"predecessor-version":[{"id":1629,"href":"https:\/\/mairie-la-chaussee-sur-marne.fr\/index.php\/wp-json\/wp\/v2\/pages\/6\/revisions\/1629"}],"wp:attachment":[{"href":"https:\/\/mairie-la-chaussee-sur-marne.fr\/index.php\/wp-json\/wp\/v2\/media?parent=6"}],"curies":[{"name":"wp","href":"https:\/\/api.w.org\/{rel}","templated":true}]}}