{"id":31,"date":"2018-10-14T09:43:48","date_gmt":"2018-10-14T07:43:48","guid":{"rendered":"http:\/\/93.113.206.63\/?page_id=31"},"modified":"2025-08-14T18:34:34","modified_gmt":"2025-08-14T16:34:34","slug":"accueil","status":"publish","type":"page","link":"https:\/\/mairie-la-chaussee-sur-marne.fr\/","title":{"rendered":"La Chauss\u00e9e sur Marne, notre village"},"content":{"rendered":"<p>[vc_row][vc_column][vc_column_text]<\/p>\n<p>Bienvenue sur le site officiel de la Mairie de LA CHAUSSEE SUR MARNE.<\/p>\n<p>Notre village qui s\u2019\u00e9tend 2 205 ha et compte 827 habitants au dernier recensement, est situ\u00e9 \u00e0 mi-chemin entre \u00a0CHALONS EN CHAMPAGNE et VITRY LE FRANCOIS. R\u00e9union des anciennes bourgades de Coulmier et de Mutigny, il comporte deux \u00e9glises aux portes du Pays de Vitry et fait partie de la communaut\u00e9 de commune de Vitry, Champagne et Der.<\/p>\n<p>Il est riche de nombreuses associations culturelles et sportives, qui font vivre pleinement notre ruralit\u00e9 gr\u00e2ce \u00e0 leurs b\u00e9n\u00e9voles et permet l\u2019accueil des plus jeunes gr\u00e2ce \u00e0 une \u00e9cole de construction tr\u00e8s r\u00e9cente, d\u2019un centre d\u2019accueil de loisirs et une micro-cr\u00e8che.<\/p>\n<p>Il se trouve aussi sur le chemin de Saint-Jacques de Compostelle. Cet itin\u00e9raire culturel Europ\u00e9en, qui conna\u00eet une importante fr\u00e9quentation, draine un nombre sans cesse croissant de p\u00e8lerins et de touristes<\/p>\n<div style=\"width: 500px;\" class=\"wp-video\"><video class=\"wp-video-shortcode\" id=\"video-31-1\" width=\"500\" height=\"281\" preload=\"metadata\" controls=\"controls\"><source type=\"video\/mp4\" src=\"http:\/\/mairie-la-chaussee-sur-marne.fr\/wp-content\/uploads\/2020\/09\/VID-20200730-WA0000.mp4?_=1\" \/><a href=\"http:\/\/mairie-la-chaussee-sur-marne.fr\/wp-content\/uploads\/2020\/09\/VID-20200730-WA0000.mp4\">http:\/\/mairie-la-chaussee-sur-marne.fr\/wp-content\/uploads\/2020\/09\/VID-20200730-WA0000.mp4<\/a><\/video><\/div>\n<p>https:\/\/youtu.be\/ccYdLOVcTbw<\/p>\n<p><img decoding=\"async\" src=\"http:\/\/mairie-la-chaussee-sur-marne.fr\/wp-content\/uploads\/2025\/08\/photo-mairie-scaled.jpg\" \/><\/p>\n<p><img decoding=\"async\" src=\"http:\/\/mairie-la-chaussee-sur-marne.fr\/wp-content\/uploads\/2025\/03\/photo1.jpg\" \/><\/p>\n<p>[\/vc_column_text][\/vc_column][\/vc_row][vc_row][vc_column]<div class=\"c-gallery\"><ul class=\"gallery-images m-layout-masonry m-4-columns\"><li><a title=\"\" href=\"https:\/\/mairie-la-chaussee-sur-marne.fr\/wp-content\/uploads\/2018\/04\/pont.jpg\" class=\"lsvr-lightbox\"><img decoding=\"async\" src=\"https:\/\/mairie-la-chaussee-sur-marne.fr\/wp-content\/uploads\/2018\/04\/pont.jpg\" alt=\"\"><\/a><\/li><li><a title=\"\" href=\"https:\/\/mairie-la-chaussee-sur-marne.fr\/wp-content\/uploads\/2018\/03\/Sans-titre-9.jpg\" class=\"lsvr-lightbox\"><img decoding=\"async\" src=\"https:\/\/mairie-la-chaussee-sur-marne.fr\/wp-content\/uploads\/2018\/03\/Sans-titre-9-1024x381.jpg\" alt=\"\"><\/a><\/li><li><a title=\"\" href=\"https:\/\/mairie-la-chaussee-sur-marne.fr\/wp-content\/uploads\/2018\/03\/mairie-2-1.jpg\" class=\"lsvr-lightbox\"><img decoding=\"async\" src=\"https:\/\/mairie-la-chaussee-sur-marne.fr\/wp-content\/uploads\/2018\/03\/mairie-2-1-1024x444.jpg\" alt=\"\"><\/a><\/li><li><a title=\"\" href=\"https:\/\/mairie-la-chaussee-sur-marne.fr\/wp-content\/uploads\/2018\/04\/eglise-saint-pierre.jpg\" class=\"lsvr-lightbox\"><img decoding=\"async\" src=\"https:\/\/mairie-la-chaussee-sur-marne.fr\/wp-content\/uploads\/2018\/04\/eglise-saint-pierre.jpg\" alt=\"\"><\/a><\/li><\/ul><\/div>[\/vc_column][\/vc_row][vc_row][\/vc_row][vc_column][\/vc_column][vc_column_text]<\/p>\n<p>[\/vc_column_text][vc_row][vc_column]<div class=\"c-article-list m-has-icon\"><div class=\"c-content-box\"><div class=\"article-list-inner\"><i class=\"ico-shadow tp tp-reading\"><\/i><h2 class=\"article-list-title\"><i class=\"ico tp tp-reading\"><\/i><a href=\"https:\/\/mairie-la-chaussee-sur-marne.fr\/index.php\/actualites\/\">Articles r\u00e9cents<\/a><\/h2><div class=\"article-list-content\"><article class=\"brief-article\"><h3 class=\"article-title\"><a href=\"https:\/\/mairie-la-chaussee-sur-marne.fr\/index.php\/2022\/09\/10\/la-mairie\/\">La mairie<\/a><\/h3><div class=\"article-date\">10 septembre 2022<\/div><\/article><article class=\"brief-article\"><h3 class=\"article-title\"><a href=\"https:\/\/mairie-la-chaussee-sur-marne.fr\/index.php\/2022\/09\/10\/agence-postale-communale\/\">Agence postale communale<\/a><\/h3><div class=\"article-date\">10 septembre 2022<\/div><\/article><article class=\"brief-article\"><h3 class=\"article-title\"><a href=\"https:\/\/mairie-la-chaussee-sur-marne.fr\/index.php\/2021\/08\/26\/horaires-transports-scolaires-2021-2022\/\">Horaires Transports Scolaires 2021-2022<\/a><\/h3><div class=\"article-date\">26 ao\u00fbt 2021<\/div><\/article><article class=\"brief-article\"><h3 class=\"article-title\"><a href=\"https:\/\/mairie-la-chaussee-sur-marne.fr\/index.php\/2021\/07\/11\/25-juillet-2021-performance-jonglee\/\">25 juillet 2021 Performance jongl\u00e9e<\/a><\/h3><div class=\"article-date\">11 juillet 2021<\/div><\/article><article class=\"brief-article\"><h3 class=\"article-title\"><a href=\"https:\/\/mairie-la-chaussee-sur-marne.fr\/index.php\/2020\/09\/25\/location-salle-des-fetes\/\">Location Salle des F\u00eates<\/a><\/h3><div class=\"article-date\">25 septembre 2020<\/div><\/article><\/div><\/div><\/div><\/div>[\/vc_column][\/vc_row]<\/p>\n","protected":false},"excerpt":{"rendered":"<p>[vc_row][vc_column][vc_column_text] Bienvenue sur le site officiel de la Mairie de LA CHAUSSEE SUR MARNE. Notre village qui s\u2019\u00e9tend 2 205 ha et compte 827 habitants au dernier recensement, est situ\u00e9 \u00e0 mi-chemin entre \u00a0CHALONS EN CHAMPAGNE et VITRY LE FRANCOIS. R\u00e9union des anciennes bourgades de Coulmier et de Mutigny, il comporte deux \u00e9glises aux portes [&hellip;]<\/p>\n","protected":false},"author":2,"featured_media":0,"parent":0,"menu_order":0,"comment_status":"closed","ping_status":"closed","template":"","meta":{"footnotes":""},"class_list":["post-31","page","type-page","status-publish","hentry"],"_links":{"self":[{"href":"https:\/\/mairie-la-chaussee-sur-marne.fr\/index.php\/wp-json\/wp\/v2\/pages\/31","targetHints":{"allow":["GET"]}}],"collection":[{"href":"https:\/\/mairie-la-chaussee-sur-marne.fr\/index.php\/wp-json\/wp\/v2\/pages"}],"about":[{"href":"https:\/\/mairie-la-chaussee-sur-marne.fr\/index.php\/wp-json\/wp\/v2\/types\/page"}],"author":[{"embeddable":true,"href":"https:\/\/mairie-la-chaussee-sur-marne.fr\/index.php\/wp-json\/wp\/v2\/users\/2"}],"replies":[{"embeddable":true,"href":"https:\/\/mairie-la-chaussee-sur-marne.fr\/index.php\/wp-json\/wp\/v2\/comments?post=31"}],"version-history":[{"count":24,"href":"https:\/\/mairie-la-chaussee-sur-marne.fr\/index.php\/wp-json\/wp\/v2\/pages\/31\/revisions"}],"predecessor-version":[{"id":1588,"href":"https:\/\/mairie-la-chaussee-sur-marne.fr\/index.php\/wp-json\/wp\/v2\/pages\/31\/revisions\/1588"}],"wp:attachment":[{"href":"https:\/\/mairie-la-chaussee-sur-marne.fr\/index.php\/wp-json\/wp\/v2\/media?parent=31"}],"curies":[{"name":"wp","href":"https:\/\/api.w.org\/{rel}","templated":true}]}}