{"id":82,"date":"2018-08-25T09:31:48","date_gmt":"2018-08-25T07:31:48","guid":{"rendered":"http:\/\/mairie-la-chaussee-sur-marne.fr\/?page_id=82"},"modified":"2022-08-29T16:24:47","modified_gmt":"2022-08-29T14:24:47","slug":"usc","status":"publish","type":"page","link":"http:\/\/mairie-la-chaussee-sur-marne.fr\/index.php\/les-associations\/usc\/","title":{"rendered":"FFC"},"content":{"rendered":"<p><strong>Football Club Chauss\u00e9en<br \/><\/strong><\/p>\n<p>le club de football de la Chauss\u00e9e sur Marne<\/p>\n<p>Pr\u00e9sidente :Mme Am\u00e9lie Tendart<\/p>\n<p>T\u00e9l : 06 01 15 75 73<\/p>\n<p><a href=\"http:\/\/mairie-la-chaussee-sur-marne.fr\/wp-content\/uploads\/2020\/06\/pub-2020-2021.jpg\">Saison 2020-2021 &#8211; Recherche joueurs<\/a><\/p>\n<p><a href=\"http:\/\/mairie-la-chaussee-sur-marne.fr\/wp-content\/uploads\/2020\/02\/Capture.jpg\">Article Janvier 2020<\/a><\/p>\n<p><a href=\"http:\/\/mairie-la-chaussee-sur-marne.fr\/wp-content\/uploads\/2022\/08\/20220818_0906032-scaled.jpg\">Saison 2022-2023 &#8211; Recherche joueurs<\/a><\/p>\n<p><a href=\"http:\/\/mairie-la-chaussee-sur-marne.fr\/20220818_0906032\/\"><img loading=\"lazy\" decoding=\"async\" class=\"alignnone size-full wp-image-1333\" src=\"http:\/\/mairie-la-chaussee-sur-marne.fr\/wp-content\/uploads\/2022\/08\/20220818_0906032-scaled.jpg\" alt=\"\" width=\"1826\" height=\"2560\" srcset=\"http:\/\/mairie-la-chaussee-sur-marne.fr\/wp-content\/uploads\/2022\/08\/20220818_0906032-scaled.jpg 1826w, http:\/\/mairie-la-chaussee-sur-marne.fr\/wp-content\/uploads\/2022\/08\/20220818_0906032-214x300.jpg 214w, http:\/\/mairie-la-chaussee-sur-marne.fr\/wp-content\/uploads\/2022\/08\/20220818_0906032-730x1024.jpg 730w, http:\/\/mairie-la-chaussee-sur-marne.fr\/wp-content\/uploads\/2022\/08\/20220818_0906032-768x1077.jpg 768w, http:\/\/mairie-la-chaussee-sur-marne.fr\/wp-content\/uploads\/2022\/08\/20220818_0906032-1096x1536.jpg 1096w, http:\/\/mairie-la-chaussee-sur-marne.fr\/wp-content\/uploads\/2022\/08\/20220818_0906032-1461x2048.jpg 1461w\" sizes=\"auto, (max-width: 1826px) 100vw, 1826px\" \/><\/a><\/p>\n\n\n<p><\/p>\n","protected":false},"excerpt":{"rendered":"<p>Football Club Chauss\u00e9en le club de football de la Chauss\u00e9e sur Marne Pr\u00e9sidente :Mme Am\u00e9lie Tendart T\u00e9l : 06 01 15 75 73 Saison 2020-2021 &#8211; Recherche joueurs Article Janvier 2020 Saison 2022-2023 &#8211; Recherche joueurs<\/p>\n","protected":false},"author":3,"featured_media":0,"parent":87,"menu_order":0,"comment_status":"closed","ping_status":"closed","template":"","meta":{"footnotes":""},"class_list":["post-82","page","type-page","status-publish","hentry"],"_links":{"self":[{"href":"http:\/\/mairie-la-chaussee-sur-marne.fr\/index.php\/wp-json\/wp\/v2\/pages\/82","targetHints":{"allow":["GET"]}}],"collection":[{"href":"http:\/\/mairie-la-chaussee-sur-marne.fr\/index.php\/wp-json\/wp\/v2\/pages"}],"about":[{"href":"http:\/\/mairie-la-chaussee-sur-marne.fr\/index.php\/wp-json\/wp\/v2\/types\/page"}],"author":[{"embeddable":true,"href":"http:\/\/mairie-la-chaussee-sur-marne.fr\/index.php\/wp-json\/wp\/v2\/users\/3"}],"replies":[{"embeddable":true,"href":"http:\/\/mairie-la-chaussee-sur-marne.fr\/index.php\/wp-json\/wp\/v2\/comments?post=82"}],"version-history":[{"count":8,"href":"http:\/\/mairie-la-chaussee-sur-marne.fr\/index.php\/wp-json\/wp\/v2\/pages\/82\/revisions"}],"predecessor-version":[{"id":1334,"href":"http:\/\/mairie-la-chaussee-sur-marne.fr\/index.php\/wp-json\/wp\/v2\/pages\/82\/revisions\/1334"}],"up":[{"embeddable":true,"href":"http:\/\/mairie-la-chaussee-sur-marne.fr\/index.php\/wp-json\/wp\/v2\/pages\/87"}],"wp:attachment":[{"href":"http:\/\/mairie-la-chaussee-sur-marne.fr\/index.php\/wp-json\/wp\/v2\/media?parent=82"}],"curies":[{"name":"wp","href":"https:\/\/api.w.org\/{rel}","templated":true}]}}