{"id":5,"date":"2018-03-16T09:20:31","date_gmt":"2018-03-16T08:20:31","guid":{"rendered":"http:\/\/93.113.206.63\/?page_id=5"},"modified":"2022-09-10T18:10:57","modified_gmt":"2022-09-10T16:10:57","slug":"associations","status":"publish","type":"page","link":"http:\/\/mairie-la-chaussee-sur-marne.fr\/index.php\/les-associations\/associations\/","title":{"rendered":"Histoire et patrimoine"},"content":{"rendered":"<p>[vc_row][vc_column width=\u00a0\u00bb1\/2&Prime;][vc_column_text]<strong>Association \u00ab\u00a0La Chauss\u00e9e-sur-Marne, Histoire et Patrimoine\u00a0\u00bb<\/strong><\/p>\n<p>17 grande rue de Coulmier<\/p>\n<p>51240 La Chauss\u00e9e-sur-Marne<\/p>\n<p>Cette association a pour objet la mise en valeur, la sauvegarde et la transmission du patrimoine architectural, culturel et environnemental du village de La Chauss\u00e9e-sur-Marne.<\/p>\n<p>Pr\u00e9sidente\u00a0: Nicole FILAINE<\/p>\n<p>T\u00e9l\u00a0: 06 73 33 05 72<\/p>\n<p>Mail\u00a0: <a href=\"mailto:chaussee.patrimoine@laposte.net\">chaussee.patrimoine@laposte.net<\/a><\/p>\n<p>Blog\u00a0: <a href=\"http:\/\/lachaussee-sur-marnehistoireetpatrimoine.hautetfort.com\/\">http:\/\/lachaussee-sur-marnehistoireetpatrimoine.hautetfort.com<\/a><\/p>\n<p><a href=\"https:\/\/www.youtube.com\/watch?v=ur_20JWXssk&amp;feature=youtu.be\" data-rich-text-format-boundary=\"true\">Vid\u00e9o du retour de Jeanne cloche de l&rsquo;\u00e9glise Saint Martin de La Chauss\u00e9e sur Marne le 02.09.2020<\/a><\/p>\n<p>[\/vc_column_text][\/vc_column][vc_column width=\u00a0\u00bb1\/2&Prime;]<div class=\"c-gallery\"><ul class=\"gallery-images m-layout-masonry m-2-columns\"><li><a title=\"\" href=\"http:\/\/mairie-la-chaussee-sur-marne.fr\/wp-content\/uploads\/2018\/04\/logo-2.jpg\" class=\"lsvr-lightbox\"><img decoding=\"async\" src=\"http:\/\/mairie-la-chaussee-sur-marne.fr\/wp-content\/uploads\/2018\/04\/logo-2-267x300.jpg\" alt=\"\"><\/a><\/li><li><a title=\"\" href=\"http:\/\/mairie-la-chaussee-sur-marne.fr\/wp-content\/uploads\/2018\/04\/rue-del-biar.jpg\" class=\"lsvr-lightbox\"><img decoding=\"async\" src=\"http:\/\/mairie-la-chaussee-sur-marne.fr\/wp-content\/uploads\/2018\/04\/rue-del-biar-300x225.jpg\" alt=\"\"><\/a><\/li><li><a title=\"\" href=\"http:\/\/mairie-la-chaussee-sur-marne.fr\/wp-content\/uploads\/2018\/04\/plus-ancienne-du-village.jpg\" class=\"lsvr-lightbox\"><img decoding=\"async\" src=\"http:\/\/mairie-la-chaussee-sur-marne.fr\/wp-content\/uploads\/2018\/04\/plus-ancienne-du-village-300x225.jpg\" alt=\"\"><\/a><\/li><li><a title=\"\" href=\"http:\/\/mairie-la-chaussee-sur-marne.fr\/wp-content\/uploads\/2018\/04\/mairie-r.jpg\" class=\"lsvr-lightbox\"><img decoding=\"async\" src=\"http:\/\/mairie-la-chaussee-sur-marne.fr\/wp-content\/uploads\/2018\/04\/mairie-r-300x287.jpg\" alt=\"\"><\/a><\/li><\/ul><\/div>[\/vc_column][\/vc_row][vc_row][vc_column width=\u00a0\u00bb1\/2&Prime;][\/vc_column][vc_column width=\u00a0\u00bb1\/2&Prime;][vc_column_text]<\/p>\n\n\n<figure class=\"wp-block-gallery aligncenter columns-1 is-cropped wp-block-gallery-1 is-layout-flex wp-block-gallery-is-layout-flex\"><ul class=\"blocks-gallery-grid\"><li class=\"blocks-gallery-item\"><figure><img loading=\"lazy\" decoding=\"async\" width=\"466\" height=\"145\" src=\"http:\/\/mairie-la-chaussee-sur-marne.fr\/wp-content\/uploads\/2022\/09\/eglise.jpg\" alt=\"\" data-id=\"1419\" data-full-url=\"http:\/\/mairie-la-chaussee-sur-marne.fr\/wp-content\/uploads\/2022\/09\/eglise.jpg\" data-link=\"http:\/\/mairie-la-chaussee-sur-marne.fr\/index.php\/les-associations\/associations\/eglise\/\" class=\"wp-image-1419\" srcset=\"http:\/\/mairie-la-chaussee-sur-marne.fr\/wp-content\/uploads\/2022\/09\/eglise.jpg 466w, http:\/\/mairie-la-chaussee-sur-marne.fr\/wp-content\/uploads\/2022\/09\/eglise-300x93.jpg 300w\" sizes=\"auto, (max-width: 466px) 100vw, 466px\" \/><\/figure><\/li><\/ul><\/figure>\n","protected":false},"excerpt":{"rendered":"<p>[vc_row][vc_column width=\u00a0\u00bb1\/2&Prime;][vc_column_text]Association \u00ab\u00a0La Chauss\u00e9e-sur-Marne, Histoire et Patrimoine\u00a0\u00bb 17 grande rue de Coulmier 51240 La Chauss\u00e9e-sur-Marne Cette association a pour objet la mise en valeur, la sauvegarde et la transmission du patrimoine architectural, culturel et environnemental du village de La Chauss\u00e9e-sur-Marne. Pr\u00e9sidente\u00a0: Nicole FILAINE T\u00e9l\u00a0: 06 73 33 05 72 Mail\u00a0: chaussee.patrimoine@laposte.net Blog\u00a0: http:\/\/lachaussee-sur-marnehistoireetpatrimoine.hautetfort.com Vid\u00e9o du [&hellip;]<\/p>\n","protected":false},"author":2,"featured_media":0,"parent":87,"menu_order":0,"comment_status":"closed","ping_status":"closed","template":"","meta":{"footnotes":""},"class_list":["post-5","page","type-page","status-publish","hentry"],"_links":{"self":[{"href":"http:\/\/mairie-la-chaussee-sur-marne.fr\/index.php\/wp-json\/wp\/v2\/pages\/5","targetHints":{"allow":["GET"]}}],"collection":[{"href":"http:\/\/mairie-la-chaussee-sur-marne.fr\/index.php\/wp-json\/wp\/v2\/pages"}],"about":[{"href":"http:\/\/mairie-la-chaussee-sur-marne.fr\/index.php\/wp-json\/wp\/v2\/types\/page"}],"author":[{"embeddable":true,"href":"http:\/\/mairie-la-chaussee-sur-marne.fr\/index.php\/wp-json\/wp\/v2\/users\/2"}],"replies":[{"embeddable":true,"href":"http:\/\/mairie-la-chaussee-sur-marne.fr\/index.php\/wp-json\/wp\/v2\/comments?post=5"}],"version-history":[{"count":7,"href":"http:\/\/mairie-la-chaussee-sur-marne.fr\/index.php\/wp-json\/wp\/v2\/pages\/5\/revisions"}],"predecessor-version":[{"id":1420,"href":"http:\/\/mairie-la-chaussee-sur-marne.fr\/index.php\/wp-json\/wp\/v2\/pages\/5\/revisions\/1420"}],"up":[{"embeddable":true,"href":"http:\/\/mairie-la-chaussee-sur-marne.fr\/index.php\/wp-json\/wp\/v2\/pages\/87"}],"wp:attachment":[{"href":"http:\/\/mairie-la-chaussee-sur-marne.fr\/index.php\/wp-json\/wp\/v2\/media?parent=5"}],"curies":[{"name":"wp","href":"https:\/\/api.w.org\/{rel}","templated":true}]}}