{"id":296,"date":"2018-11-01T17:34:11","date_gmt":"2018-11-01T16:34:11","guid":{"rendered":"http:\/\/mairie-la-chaussee-sur-marne.fr\/?page_id=296"},"modified":"2026-03-17T19:19:25","modified_gmt":"2026-03-17T18:19:25","slug":"comptes-rendus","status":"publish","type":"page","link":"http:\/\/mairie-la-chaussee-sur-marne.fr\/index.php\/administration\/comptes-rendus\/","title":{"rendered":"Comptes-rendus"},"content":{"rendered":"\n<p><a href=\"https:\/\/mairie-la-chaussee-sur-marne.fr\/index.php\/administration\/comptes-rendus\/comptes-rendus-des-conseils-de-lannee-2026\/\">Ann\u00e9e 2026<\/a><\/p>\n\n\n\n<p><a href=\"http:\/\/mairie-la-chaussee-sur-marne.fr\/index.php\/administration\/comptes-rendus\/comptes-rendus-des-conseils-de-lannee-2025\/\">Ann\u00e9e 2025<\/a><\/p>\n\n\n\n<p><a href=\"http:\/\/mairie-la-chaussee-sur-marne.fr\/index.php\/administration\/comptes-rendus\/comptes-rendus-des-conseils-de-lannee-2024\">Ann\u00e9e 2024<\/a><\/p>\n\n\n<p><a href=\"http:\/\/mairie-la-chaussee-sur-marne.fr\/index.php\/administration\/comptes-rendus\/comptes-rendus-des-conseils-de-lannee-2023\/\">Ann\u00e9e 2023<\/a><\/p>\n<p><a href=\"http:\/\/mairie-la-chaussee-sur-marne.fr\/index.php\/administration\/comptes-rendus\/comptes-rendus-des-conseils-de-lannee-2022\/\">Ann\u00e9e 2022<\/a><\/p>\n<p><a href=\"http:\/\/mairie-la-chaussee-sur-marne.fr\/index.php\/administration\/comptes-rendus\/comptes-rendus-des-conseils-de-lannee-2021\/\">Ann\u00e9e 2021<\/a><\/p>\n<p><a href=\"http:\/\/mairie-la-chaussee-sur-marne.fr\/index.php\/administration\/comptes-rendus\/comptes-rendus-des-conseils-de-lannee-2020\/\">Ann\u00e9e 2020<\/a><\/p>\n<p><a href=\"http:\/\/mairie-la-chaussee-sur-marne.fr\/index.php\/comptes-rendus-des-conseils-de-lannee-2019\/\">Ann\u00e9e 2019<\/a><\/p>\n<p><a href=\"http:\/\/mairie-la-chaussee-sur-marne.fr\/index.php\/administration\/266-2\/\" target=\"_blank\" rel=\"noopener noreferrer\">Ann\u00e9e 2018<\/a><\/p>\n<p><a href=\"http:\/\/mairie-la-chaussee-sur-marne.fr\/index.php\/administration\/comptes-rendus-de-conseils-annee-2017\/\" target=\"_blank\" rel=\"noopener noreferrer\">Ann\u00e9e 2017<\/a><\/p>\n<p><a href=\"http:\/\/mairie-la-chaussee-sur-marne.fr\/index.php\/administration\/comptes-rendus\/comptes-rendus-de-conseils-annee-2016\/\">Ann\u00e9e 2016<\/a><\/p>","protected":false},"excerpt":{"rendered":"<p>Ann\u00e9e 2026 Ann\u00e9e 2025 Ann\u00e9e 2024 Ann\u00e9e 2023 Ann\u00e9e 2022 Ann\u00e9e 2021 Ann\u00e9e 2020 Ann\u00e9e 2019 Ann\u00e9e 2018 Ann\u00e9e 2017 Ann\u00e9e 2016<\/p>\n","protected":false},"author":3,"featured_media":0,"parent":263,"menu_order":0,"comment_status":"closed","ping_status":"closed","template":"","meta":{"footnotes":""},"class_list":["post-296","page","type-page","status-publish","hentry"],"_links":{"self":[{"href":"http:\/\/mairie-la-chaussee-sur-marne.fr\/index.php\/wp-json\/wp\/v2\/pages\/296","targetHints":{"allow":["GET"]}}],"collection":[{"href":"http:\/\/mairie-la-chaussee-sur-marne.fr\/index.php\/wp-json\/wp\/v2\/pages"}],"about":[{"href":"http:\/\/mairie-la-chaussee-sur-marne.fr\/index.php\/wp-json\/wp\/v2\/types\/page"}],"author":[{"embeddable":true,"href":"http:\/\/mairie-la-chaussee-sur-marne.fr\/index.php\/wp-json\/wp\/v2\/users\/3"}],"replies":[{"embeddable":true,"href":"http:\/\/mairie-la-chaussee-sur-marne.fr\/index.php\/wp-json\/wp\/v2\/comments?post=296"}],"version-history":[{"count":31,"href":"http:\/\/mairie-la-chaussee-sur-marne.fr\/index.php\/wp-json\/wp\/v2\/pages\/296\/revisions"}],"predecessor-version":[{"id":1615,"href":"http:\/\/mairie-la-chaussee-sur-marne.fr\/index.php\/wp-json\/wp\/v2\/pages\/296\/revisions\/1615"}],"up":[{"embeddable":true,"href":"http:\/\/mairie-la-chaussee-sur-marne.fr\/index.php\/wp-json\/wp\/v2\/pages\/263"}],"wp:attachment":[{"href":"http:\/\/mairie-la-chaussee-sur-marne.fr\/index.php\/wp-json\/wp\/v2\/media?parent=296"}],"curies":[{"name":"wp","href":"https:\/\/api.w.org\/{rel}","templated":true}]}}