{"id":1430,"date":"2022-11-24T18:14:22","date_gmt":"2022-11-24T17:14:22","guid":{"rendered":"http:\/\/mairie-la-chaussee-sur-marne.fr\/?page_id=1430"},"modified":"2022-11-24T18:20:22","modified_gmt":"2022-11-24T17:20:22","slug":"salon-du-livre-11-12-2022","status":"publish","type":"page","link":"http:\/\/mairie-la-chaussee-sur-marne.fr\/index.php\/salon-du-livre-11-12-2022\/","title":{"rendered":"Salon du livre 11.12.2022"},"content":{"rendered":"\n<figure class=\"wp-block-image size-large\"><img loading=\"lazy\" decoding=\"async\" width=\"473\" height=\"672\" src=\"http:\/\/mairie-la-chaussee-sur-marne.fr\/wp-content\/uploads\/2022\/11\/image.png\" alt=\"\" class=\"wp-image-1431\" srcset=\"http:\/\/mairie-la-chaussee-sur-marne.fr\/wp-content\/uploads\/2022\/11\/image.png 473w, http:\/\/mairie-la-chaussee-sur-marne.fr\/wp-content\/uploads\/2022\/11\/image-211x300.png 211w\" sizes=\"auto, (max-width: 473px) 100vw, 473px\" \/><\/figure>\n\n\n\n<ul class=\"wp-block-list\"><li><strong><u>Notre Parrain<\/u>&nbsp;:<\/strong><\/li><\/ul>\n\n\n\n<p><strong>Camille Brunel<\/strong>, n\u00e9 \u00e0 Ch\u00e2lons en Champagne,&nbsp; est&nbsp;journaliste, \u00e9crivain, critique de cin\u00e9ma sp\u00e9cialis\u00e9 dans la repr\u00e9sentation des animaux et militant pour la cause animale et v\u00e9gane. En 2018, il publie son premier roman aux \u00e9ditions Alma, <em><u>La Gu\u00e9rilla des animaux<\/u><\/em>, un message animaliste dont le sujet est la d\u00e9fense \u00e0 tout prix des animaux.<\/p>\n\n\n\n<figure class=\"wp-block-embed-youtube wp-block-embed is-type-video is-provider-youtube wp-embed-aspect-16-9 wp-has-aspect-ratio\"><div class=\"wp-block-embed__wrapper\">\n<iframe loading=\"lazy\" title=\"\u00c9LOGE DE LA BALEINE (CONTRE LA FOLLE ARROGANCE HUMAINE) | CAMILLE BRUNEL, JULIEN TH\u00c9RY\" width=\"500\" height=\"281\" src=\"https:\/\/www.youtube.com\/embed\/wdF6WBBX0So?feature=oembed\" frameborder=\"0\" allow=\"accelerometer; autoplay; clipboard-write; encrypted-media; gyroscope; picture-in-picture; web-share\" referrerpolicy=\"strict-origin-when-cross-origin\" allowfullscreen><\/iframe>\n<\/div><\/figure>\n\n\n\n<ul class=\"wp-block-list\"><li><strong><u>Nos conf\u00e9renciers<\/u><\/strong><strong>&nbsp;:<\/strong><\/li><\/ul>\n\n\n\n<p>&#8211; Pour son livre<strong> <em><u>Qui a tu\u00e9 CLOVES<\/u><\/em><\/strong> <\/p>\n\n\n\n<p>\u00a0<strong>Axel S\u00e9n\u00e9quier<\/strong>\u00a0\u00a0est auteur de litt\u00e9rature jeunesse, pi\u00e8ces de th\u00e9\u00e2tre et recueils de nouvelles. Il a re\u00e7u plus de cinquante distinctions pour ses nouvelles. <\/p>\n\n\n\n<figure class=\"wp-block-embed\"><div class=\"wp-block-embed__wrapper\">\nhttp:\/\/www.axelsenequier.fr\/\n<\/div><\/figure>\n\n\n\n<p>&#8211; Pour leur livre <strong><em><u>Les ciels de la grande guerre <\/u><\/em><\/strong><em><u>(Aquarelles d&rsquo;Andr\u00e9 des Gachons,<\/u><\/em> <em>Champagne)<\/em><\/p>\n\n\n\n<p><strong>Martine Tabeaud&nbsp;:<\/strong>Sp\u00e9cialiste de climatologie, Martine Tabeaud a d\u2019abord travaill\u00e9 sur la contribution de l\u2019imagerie satellitale \u00e0 la recherche climatologique<em>&nbsp;<\/em>puis sur les transferts de vapeur d\u2019eau au-dessus des oc\u00e9ans en lien avec les grandes s\u00e9cheresses<em>.&nbsp;<\/em> Elle a publi\u00e9 dix-sept ouvrages, dont plusieurs manuels de climatologie, et plus de deux cents articles.<\/p>\n\n\n\n<p>Actuellement, ses recherches portent sur l\u2019adaptation au changement climatique, sur les risques li\u00e9s au climat et leur gestion pass\u00e9e comme actuelle, sur la mise en m\u00e9moire des \u00e9v\u00e9nements m\u00e9t\u00e9o, sur les repr\u00e9sentations des climats et du temps qu\u2019il fait.<\/p>\n\n\n\n<p><strong>Xavier Browaeys&nbsp;: <\/strong>agr\u00e9g\u00e9 de g\u00e9ographie, est ma\u00eetre de conf\u00e9rences en g\u00e9ographie \u00e0 l\u2019universit\u00e9 de Panth\u00e9on-Sorbonne.<\/p>\n\n\n\n<p>La g\u00e9ographie des communes et plus g\u00e9n\u00e9ralement l\u2019\u00e9chelle locale a \u00e9t\u00e9 une des dimensions importantes de ses travaux et publications y compris en histoire (vie et mort des soldats mobilis\u00e9s en 14 -18 dans un village du Gard, les paysages fun\u00e9raires de la Grande guerre en Champagne\u2026).<\/p>\n\n\n\n<p>Par ailleurs, depuis deux d\u00e9cennies, il s\u2019est investi dans l\u2019analyse et la r\u00e9alisation d\u2019images (dessins, photographies, tableaux, films\u2026) envisag\u00e9es non seulement comme outils de communication mais surtout comme contributions majeures aux recherches en histoire et en g\u00e9ographie.<\/p>\n\n\n\n<ul class=\"wp-block-list\"><li><strong><u>Nos auteurs<\/u><\/strong><strong>&nbsp;:<\/strong><\/li><\/ul>\n\n\n\n<p><strong>Marie-Jos\u00e9e Ambard,<\/strong> professeur des \u00e9coles,retrait\u00e9e,\u00e9crit des livres de litt\u00e9rature jeunesse pour les enfants de 3 \u00e0 14 ans.  <\/p>\n\n\n\n<figure class=\"wp-block-embed is-type-link is-provider-marie-josee-ambard\"><div class=\"wp-block-embed__wrapper\">\n<blockquote class=\"wp-embedded-content\" data-secret=\"0C2ApKjp6Q\"><a href=\"https:\/\/ambardlitterature.wordpress.com\/\">Accueil<\/a><\/blockquote><iframe loading=\"lazy\" class=\"wp-embedded-content\" sandbox=\"allow-scripts\" security=\"restricted\" style=\"position: absolute; visibility: hidden;\" title=\"&laquo;&nbsp;Accueil&nbsp;&raquo; &#8212; Marie-Jos\u00e9e Ambard\" src=\"https:\/\/ambardlitterature.wordpress.com\/embed\/#?secret=qG9cDawWMd#?secret=0C2ApKjp6Q\" data-secret=\"0C2ApKjp6Q\" width=\"500\" height=\"282\" frameborder=\"0\" marginwidth=\"0\" marginheight=\"0\" scrolling=\"no\"><\/iframe>\n<\/div><\/figure>\n\n\n\n<p><strong>Fabienne Anselmet&nbsp;: <\/strong>Passionn\u00e9e d&rsquo;\u00e9criture depuis toujours, elle a \u00e9crit des histoires pour ses enfants, puis ses petits-enfants.<\/p>\n\n\n\n<p><strong>Marie-Pierre Barri\u00e8re<\/strong> Depuis une dizaine d\u2019ann\u00e9es, cette professeure de fran\u00e7ais et militante RESF \u00e0 Ch\u00e2lons-en-Champagne se d\u00e9voue corps et \u00e2me \u00e0 l\u2019accueil de jeunes \u00e9trangers isol\u00e9s, qu\u2019elle aide \u00e0 se construire un avenir en Europe.<\/p>\n\n\n\n<p><strong>Sandrine Belair<\/strong>\u00a0est une auteure n\u00e9e en r\u00e9gion Parisienne qui vit depuis quelques ann\u00e9es dans le d\u00e9partement de la Marne (51).  <\/p>\n\n\n\n<figure class=\"wp-block-embed\"><div class=\"wp-block-embed__wrapper\">\nhttps:\/\/cherubinseditions.weebly.com\/\n<\/div><\/figure>\n\n\n\n<p><strong>Nathalie Bonnetier<\/strong> est professeur d\u2019espagnol \u00e0 Saint-Dizier et parall\u00e9lement elle \u00e9crit, tr\u00e8s t\u00f4t des essais,romans et pi\u00e8ces de th\u00e9\u00e2tre.<\/p>\n\n\n\n<figure class=\"wp-block-embed-youtube wp-block-embed is-type-video is-provider-youtube wp-embed-aspect-16-9 wp-has-aspect-ratio\"><div class=\"wp-block-embed__wrapper\">\nhttps:\/\/www.youtube.com\/watch?v=J6VrRPOqtmw\n<\/div><\/figure>\n\n\n\n<p><strong>Czek<\/strong>\u2013 qu\u2019il vaut mieux prononcer correctement (\u2018tch\u00e8k\u2019) pour ne pas s\u2019attirer ses foudres \u2013 est un artiste fran\u00e7ais. Autodidacte, Czek produit peu mais s\u2019attache \u00e0 toujours rendre un hommage sinc\u00e8re (et humble) aux auteurs qui l\u2019ont influenc\u00e9 tant graphiquement que narrativement et, s\u2019il s\u2019\u00e9vertue \u00e0 s\u2019en d\u00e9tacher progressivement afin de tracer un sillon plus personnel, ses lecteurs sauront peut \u00eatre reconna\u00eetre son go\u00fbt pour le trait anguleux de Mike Mignola, pour la d\u00e9mesure de Jack Kirby ou encore pour la mise en\u00a0 page\u00a0\u00e9labor\u00e9e de Sergio Toppi. Soyez toutefois indulgent avec Czek car lui l\u2019est rarement envers ses travaux.             <\/p>\n\n\n\n<figure class=\"wp-block-embed\"><div class=\"wp-block-embed__wrapper\">\nhttps:\/\/www.bedetheque.com\/auteur-13149-BD-Czek.html\n<\/div><\/figure>\n\n\n\n<p><strong>B\u00e9n\u00e9dicte Dartigalongue&nbsp;:<\/strong><strong> <\/strong>&nbsp;&nbsp;Enseignante \u00e0 Ch\u00e2lons-en-Champagne,&nbsp;&nbsp;a \u00e9crit son premier r\u00e9cit autobiographique \u00ab\u00a0<a href=\"https:\/\/librairie.nombre7.fr\/recit-essai\/2131-les-ombres-d-une-ombre-9782381533483.html\" target=\"_blank\" rel=\"noreferrer noopener\">Les Ombres d\u2019une ombre<\/a>\u00a0\u00bb chez Nombre 7 \u00e9ditions. Elle y \u00e9voque la fa\u00e7on \u00e9trange dont elle a \u00e9t\u00e9 \u00e9lev\u00e9e \u00e0 Bordeaux. Dans une grande maison cohabitaient ses grands-parents plut\u00f4t bourgeois et ses parents d\u2019un genre hippie. Autour de ces figures s\u2019est construit un secret de famille, li\u00e9 \u00e0 l\u2019apparition progressive de troubles psychologiques. Comment r\u00e9tablir la figure du p\u00e8re une fois celui-ci disparu&nbsp;? Comment parvenir \u00e0 faire son deuil alors qu&rsquo;on a si peu \u00e9chang\u00e9 avec lui, que l&rsquo;on ne l&rsquo;a pas r\u00e9ellement connu&nbsp;?&nbsp;<\/p>\n\n\n\n<p><strong>Daniel Dubourg\u00a0<\/strong>:po\u00e9sies, contes, nouvelles, romans et polars pour enfants se c\u00f4toient et marquent ainsi la diversit\u00e9 de ses \u00e9crits.  <\/p>\n\n\n\n<figure class=\"wp-block-embed\"><div class=\"wp-block-embed__wrapper\">\nhttps:\/\/danieldubourg.com\/\n<\/div><\/figure>\n\n\n\n<p><strong>Nicole Durand<\/strong> Apr\u00e8s \u00ab&nbsp;Il est trop tard&nbsp;\u00bb, un roman policier sorti en 2020, elle signe avec \u00ab&nbsp;Le Secret&nbsp;\u00bb son 5e &nbsp;livre et choisit ici le chemin du roman psychologique, bien que l\u2019intrigue polici\u00e8re y soit pr\u00e9sente.<\/p>\n\n\n\n<p><strong>Lily Fox&nbsp;:<\/strong>&nbsp; D\u00e9j\u00e0 auteur de romans et participant \u00e0 l\u2019\u00e9laboration de recueils collaboratifs de nouvelles, Lise, alias Lily Fox, son nom de plume, a concouru au concours francophone \u00ab&nbsp;Les Murmures litt\u00e9raires&nbsp;\u00bb et elle a remport\u00e9 un premier prix.<\/p>\n\n\n\n<p><strong>Jean-Marie Gornet&nbsp;<\/strong>: Ce grand lecteur, ayant grandi \u00e0&nbsp;Bar-le-Duc, s\u2019est lanc\u00e9 dans l\u2019\u00e9criture \u00e0 la retraite. Il s\u2019inspire d\u2019\u00e9pisodes de sa vie et de ceux de sa famille pour \u00e9crire des romans.<\/p>\n\n\n\n<p><strong>Christian Krika<\/strong>&nbsp;:&nbsp;\u00c9crivain par passion, il aime les longues promenades dans la campagne qui sont souvent pour lui une source d&rsquo;inspiration primordiale pour l&rsquo;\u00e9criture de ses livres.<\/p>\n\n\n\n<p><strong>Patrick Lagneau<\/strong> est retrait\u00e9 apr\u00e8s une carri\u00e8re de professeur d&rsquo;\u00e9ducation socioculturelle en lyc\u00e9e agricole. \u00a0Tout au long de sa carri\u00e8re, il a plac\u00e9 son \u00e9nergie cr\u00e9atrice dans le th\u00e9\u00e2tre, la com\u00e9die musicale, l\u2019\u00e9criture de sc\u00e9narios et la r\u00e9alisation de films vid\u00e9o avec lesquels il a conduit ses \u00e9l\u00e8ves \u00e0 de nombreux prix nationaux.<br>Musicien auteur-compositeur, il met au service des vid\u00e9astes amateurs des musiques originales et personnalis\u00e9es par le biais d&rsquo;un site internet dont il est le concepteur : http:\/\/lagneau.patrick.free.fr<br>Par passion et parce qu&rsquo;il aime partager les histoires qu&rsquo;il imagine, il \u00e9crit depuis 2007 des romans sur des th\u00e8mes divers \u00e0 connotation fantastique pour mieux nous faire partager ce qui nous anime tous : l&rsquo;amour, le temps, les racines patrimoniales, les valeurs morales&#8230; <\/p>\n\n\n\n<figure class=\"wp-block-embed\"><div class=\"wp-block-embed__wrapper\">\nhttp:\/\/www.patrick-lagneau.com\/\n<\/div><\/figure>\n\n\n\n<p><strong>Thierry Lefebvre<\/strong> vient de sortir la saison 2 de \u00ab&nbsp;La Conjecture des Hirondelles&nbsp;\u00bb. Il raconte l\u2019histoire d\u2019Alexe\u00ef, h\u00e9ros math\u00e9maticien ukrainien charg\u00e9 de relever des d\u00e9fis scientifiques en pleine guerre froide. Une intrigue qui colle \u00e9tonnamment avec l\u2019actualit\u00e9.<\/p>\n\n\n\n<p><strong>K\u00e9vin Monfils<\/strong> est journaliste dans la presse quotidienne r\u00e9gionale. Il n&rsquo;a cependant pas compl\u00e8tement oubli\u00e9 sa passion d&rsquo;enfance, l\u2019\u00e9criture de r\u00e9cits, et en particulier ses th\u00e8mes de pr\u00e9dilection : l\u2019aventure et le fantastique. Il fait para\u00eetre son premier roman en 2015.      <\/p>\n\n\n\n<figure class=\"wp-block-embed-wordpress wp-block-embed is-type-wp-embed is-provider-kevin-monfils-ecrivain-et-journaliste\"><div class=\"wp-block-embed__wrapper\">\nhttp:\/\/www.kevin-monfils.fr\/\n<\/div><\/figure>\n\n\n\n<p><\/p>\n","protected":false},"excerpt":{"rendered":"<p>Notre Parrain&nbsp;: Camille Brunel, n\u00e9 \u00e0 Ch\u00e2lons en Champagne,&nbsp; est&nbsp;journaliste, \u00e9crivain, critique de cin\u00e9ma sp\u00e9cialis\u00e9 dans la repr\u00e9sentation des animaux et militant pour la cause animale et v\u00e9gane. En 2018, il publie son premier roman aux \u00e9ditions Alma, La Gu\u00e9rilla des animaux, un message animaliste dont le sujet est la d\u00e9fense \u00e0 tout prix des [&hellip;]<\/p>\n","protected":false},"author":3,"featured_media":0,"parent":0,"menu_order":0,"comment_status":"closed","ping_status":"closed","template":"","meta":{"footnotes":""},"class_list":["post-1430","page","type-page","status-publish","hentry"],"_links":{"self":[{"href":"http:\/\/mairie-la-chaussee-sur-marne.fr\/index.php\/wp-json\/wp\/v2\/pages\/1430","targetHints":{"allow":["GET"]}}],"collection":[{"href":"http:\/\/mairie-la-chaussee-sur-marne.fr\/index.php\/wp-json\/wp\/v2\/pages"}],"about":[{"href":"http:\/\/mairie-la-chaussee-sur-marne.fr\/index.php\/wp-json\/wp\/v2\/types\/page"}],"author":[{"embeddable":true,"href":"http:\/\/mairie-la-chaussee-sur-marne.fr\/index.php\/wp-json\/wp\/v2\/users\/3"}],"replies":[{"embeddable":true,"href":"http:\/\/mairie-la-chaussee-sur-marne.fr\/index.php\/wp-json\/wp\/v2\/comments?post=1430"}],"version-history":[{"count":2,"href":"http:\/\/mairie-la-chaussee-sur-marne.fr\/index.php\/wp-json\/wp\/v2\/pages\/1430\/revisions"}],"predecessor-version":[{"id":1438,"href":"http:\/\/mairie-la-chaussee-sur-marne.fr\/index.php\/wp-json\/wp\/v2\/pages\/1430\/revisions\/1438"}],"wp:attachment":[{"href":"http:\/\/mairie-la-chaussee-sur-marne.fr\/index.php\/wp-json\/wp\/v2\/media?parent=1430"}],"curies":[{"name":"wp","href":"https:\/\/api.w.org\/{rel}","templated":true}]}}