{"id":128,"date":"2018-08-29T17:43:35","date_gmt":"2018-08-29T15:43:35","guid":{"rendered":"http:\/\/mairie-la-chaussee-sur-marne.fr\/?page_id=128"},"modified":"2018-09-09T11:29:29","modified_gmt":"2018-09-09T09:29:29","slug":"familles-rurales","status":"publish","type":"page","link":"http:\/\/mairie-la-chaussee-sur-marne.fr\/index.php\/les-associations\/familles-rurales\/","title":{"rendered":"Familles Rurales"},"content":{"rendered":"<p>L\u2019association Familles rurales est \u00e0 la disposition des familles afin de leur proposer diff\u00e9rentes activit\u00e9s et services pour leur faciliter la vie en milieu rural (loto, brocante, repas des anciens,repas des dames,sorties culturelles\u2026)<\/p>\n<p><a href=\"http:\/\/mairie-la-chaussee-sur-marne.fr\/index.php\/les-associations\/familles-rurales\/la-micro-creche\/\">Documents Micro-cr\u00e8che<\/a><\/p>\n","protected":false},"excerpt":{"rendered":"<p>L\u2019association Familles rurales est \u00e0 la disposition des familles afin de leur proposer diff\u00e9rentes activit\u00e9s et services pour leur faciliter la vie en milieu rural (loto, brocante, repas des anciens,repas des dames,sorties culturelles\u2026) Documents Micro-cr\u00e8che<\/p>\n","protected":false},"author":3,"featured_media":0,"parent":87,"menu_order":0,"comment_status":"closed","ping_status":"closed","template":"","meta":{"footnotes":""},"class_list":["post-128","page","type-page","status-publish","hentry"],"_links":{"self":[{"href":"http:\/\/mairie-la-chaussee-sur-marne.fr\/index.php\/wp-json\/wp\/v2\/pages\/128","targetHints":{"allow":["GET"]}}],"collection":[{"href":"http:\/\/mairie-la-chaussee-sur-marne.fr\/index.php\/wp-json\/wp\/v2\/pages"}],"about":[{"href":"http:\/\/mairie-la-chaussee-sur-marne.fr\/index.php\/wp-json\/wp\/v2\/types\/page"}],"author":[{"embeddable":true,"href":"http:\/\/mairie-la-chaussee-sur-marne.fr\/index.php\/wp-json\/wp\/v2\/users\/3"}],"replies":[{"embeddable":true,"href":"http:\/\/mairie-la-chaussee-sur-marne.fr\/index.php\/wp-json\/wp\/v2\/comments?post=128"}],"version-history":[{"count":3,"href":"http:\/\/mairie-la-chaussee-sur-marne.fr\/index.php\/wp-json\/wp\/v2\/pages\/128\/revisions"}],"predecessor-version":[{"id":198,"href":"http:\/\/mairie-la-chaussee-sur-marne.fr\/index.php\/wp-json\/wp\/v2\/pages\/128\/revisions\/198"}],"up":[{"embeddable":true,"href":"http:\/\/mairie-la-chaussee-sur-marne.fr\/index.php\/wp-json\/wp\/v2\/pages\/87"}],"wp:attachment":[{"href":"http:\/\/mairie-la-chaussee-sur-marne.fr\/index.php\/wp-json\/wp\/v2\/media?parent=128"}],"curies":[{"name":"wp","href":"https:\/\/api.w.org\/{rel}","templated":true}]}}