{"id":124,"date":"2018-08-29T17:39:20","date_gmt":"2018-08-29T15:39:20","guid":{"rendered":"http:\/\/mairie-la-chaussee-sur-marne.fr\/?page_id=124"},"modified":"2021-10-21T18:27:55","modified_gmt":"2021-10-21T16:27:55","slug":"lunion-sportive-et-culturelle","status":"publish","type":"page","link":"http:\/\/mairie-la-chaussee-sur-marne.fr\/index.php\/les-associations\/lunion-sportive-et-culturelle\/","title":{"rendered":"L&rsquo;Union Sportive et Culturelle"},"content":{"rendered":"<p>Cette association propose tout au long de l&rsquo;ann\u00e9e diff\u00e9rentes activit\u00e9s culturelles et sportives aux enfants et aux adultes.<\/p>\n<p>Pr\u00e9sidente: Janson Patricia 25 rue de coulmier 51240 la chauss\u00e9e sur marne 0671401974<br \/>\nSecr\u00e9taire: Bazille Sandra<br \/>\nTr\u00e9sorier: Bazille Bruno<\/p>\n","protected":false},"excerpt":{"rendered":"<p>Cette association propose tout au long de l&rsquo;ann\u00e9e diff\u00e9rentes activit\u00e9s culturelles et sportives aux enfants et aux adultes. Pr\u00e9sidente: Janson Patricia 25 rue de coulmier 51240 la chauss\u00e9e sur marne 0671401974 Secr\u00e9taire: Bazille Sandra Tr\u00e9sorier: Bazille Bruno<\/p>\n","protected":false},"author":3,"featured_media":0,"parent":87,"menu_order":0,"comment_status":"closed","ping_status":"closed","template":"","meta":{"footnotes":""},"class_list":["post-124","page","type-page","status-publish","hentry"],"_links":{"self":[{"href":"http:\/\/mairie-la-chaussee-sur-marne.fr\/index.php\/wp-json\/wp\/v2\/pages\/124","targetHints":{"allow":["GET"]}}],"collection":[{"href":"http:\/\/mairie-la-chaussee-sur-marne.fr\/index.php\/wp-json\/wp\/v2\/pages"}],"about":[{"href":"http:\/\/mairie-la-chaussee-sur-marne.fr\/index.php\/wp-json\/wp\/v2\/types\/page"}],"author":[{"embeddable":true,"href":"http:\/\/mairie-la-chaussee-sur-marne.fr\/index.php\/wp-json\/wp\/v2\/users\/3"}],"replies":[{"embeddable":true,"href":"http:\/\/mairie-la-chaussee-sur-marne.fr\/index.php\/wp-json\/wp\/v2\/comments?post=124"}],"version-history":[{"count":3,"href":"http:\/\/mairie-la-chaussee-sur-marne.fr\/index.php\/wp-json\/wp\/v2\/pages\/124\/revisions"}],"predecessor-version":[{"id":1123,"href":"http:\/\/mairie-la-chaussee-sur-marne.fr\/index.php\/wp-json\/wp\/v2\/pages\/124\/revisions\/1123"}],"up":[{"embeddable":true,"href":"http:\/\/mairie-la-chaussee-sur-marne.fr\/index.php\/wp-json\/wp\/v2\/pages\/87"}],"wp:attachment":[{"href":"http:\/\/mairie-la-chaussee-sur-marne.fr\/index.php\/wp-json\/wp\/v2\/media?parent=124"}],"curies":[{"name":"wp","href":"https:\/\/api.w.org\/{rel}","templated":true}]}}