{"id":1180,"date":"2022-02-08T18:15:30","date_gmt":"2022-02-08T17:15:30","guid":{"rendered":"http:\/\/mairie-la-chaussee-sur-marne.fr\/?page_id=1180"},"modified":"2022-02-08T18:15:31","modified_gmt":"2022-02-08T17:15:31","slug":"piece-de-theatre-cacahuete","status":"publish","type":"page","link":"http:\/\/mairie-la-chaussee-sur-marne.fr\/index.php\/manifestations\/piece-de-theatre-cacahuete\/","title":{"rendered":"Pi\u00e8ce de th\u00e9\u00e2tre \u00ab\u00a0CACAHU\u00c8TE\u00a0\u00bb"},"content":{"rendered":"\n<figure class=\"wp-block-image size-large\"><img loading=\"lazy\" decoding=\"async\" width=\"557\" height=\"777\" src=\"http:\/\/mairie-la-chaussee-sur-marne.fr\/wp-content\/uploads\/2022\/02\/cacahuete.jpg\" alt=\"\" class=\"wp-image-1181\" srcset=\"http:\/\/mairie-la-chaussee-sur-marne.fr\/wp-content\/uploads\/2022\/02\/cacahuete.jpg 557w, http:\/\/mairie-la-chaussee-sur-marne.fr\/wp-content\/uploads\/2022\/02\/cacahuete-215x300.jpg 215w\" sizes=\"auto, (max-width: 557px) 100vw, 557px\" \/><\/figure>\n\n\n\n<figure class=\"wp-block-image size-large\"><img loading=\"lazy\" decoding=\"async\" width=\"790\" height=\"775\" src=\"http:\/\/mairie-la-chaussee-sur-marne.fr\/wp-content\/uploads\/2022\/02\/cacahuete2.jpg\" alt=\"\" class=\"wp-image-1182\" srcset=\"http:\/\/mairie-la-chaussee-sur-marne.fr\/wp-content\/uploads\/2022\/02\/cacahuete2.jpg 790w, http:\/\/mairie-la-chaussee-sur-marne.fr\/wp-content\/uploads\/2022\/02\/cacahuete2-300x294.jpg 300w, http:\/\/mairie-la-chaussee-sur-marne.fr\/wp-content\/uploads\/2022\/02\/cacahuete2-768x753.jpg 768w\" sizes=\"auto, (max-width: 790px) 100vw, 790px\" \/><\/figure>\n","protected":false},"excerpt":{"rendered":"","protected":false},"author":3,"featured_media":0,"parent":928,"menu_order":0,"comment_status":"closed","ping_status":"closed","template":"","meta":{"footnotes":""},"class_list":["post-1180","page","type-page","status-publish","hentry"],"_links":{"self":[{"href":"http:\/\/mairie-la-chaussee-sur-marne.fr\/index.php\/wp-json\/wp\/v2\/pages\/1180","targetHints":{"allow":["GET"]}}],"collection":[{"href":"http:\/\/mairie-la-chaussee-sur-marne.fr\/index.php\/wp-json\/wp\/v2\/pages"}],"about":[{"href":"http:\/\/mairie-la-chaussee-sur-marne.fr\/index.php\/wp-json\/wp\/v2\/types\/page"}],"author":[{"embeddable":true,"href":"http:\/\/mairie-la-chaussee-sur-marne.fr\/index.php\/wp-json\/wp\/v2\/users\/3"}],"replies":[{"embeddable":true,"href":"http:\/\/mairie-la-chaussee-sur-marne.fr\/index.php\/wp-json\/wp\/v2\/comments?post=1180"}],"version-history":[{"count":1,"href":"http:\/\/mairie-la-chaussee-sur-marne.fr\/index.php\/wp-json\/wp\/v2\/pages\/1180\/revisions"}],"predecessor-version":[{"id":1183,"href":"http:\/\/mairie-la-chaussee-sur-marne.fr\/index.php\/wp-json\/wp\/v2\/pages\/1180\/revisions\/1183"}],"up":[{"embeddable":true,"href":"http:\/\/mairie-la-chaussee-sur-marne.fr\/index.php\/wp-json\/wp\/v2\/pages\/928"}],"wp:attachment":[{"href":"http:\/\/mairie-la-chaussee-sur-marne.fr\/index.php\/wp-json\/wp\/v2\/media?parent=1180"}],"curies":[{"name":"wp","href":"https:\/\/api.w.org\/{rel}","templated":true}]}}