{"id":116,"date":"2018-08-29T17:20:58","date_gmt":"2018-08-29T15:20:58","guid":{"rendered":"http:\/\/mairie-la-chaussee-sur-marne.fr\/?page_id=116"},"modified":"2018-08-29T17:25:08","modified_gmt":"2018-08-29T15:25:08","slug":"associations-des-parents-deleves","status":"publish","type":"page","link":"http:\/\/mairie-la-chaussee-sur-marne.fr\/index.php\/les-associations\/associations-des-parents-deleves\/","title":{"rendered":"Association des parents d&rsquo;\u00e9l\u00e8ves"},"content":{"rendered":"<p>Association des Parents d\u2019El\u00e8ves du groupement scolaire<br \/>\nAblancourt \u2013 Aulnay l\u2019A\u00eetre \u2013 La Chauss\u00e9e sur Marne<\/p>\n<p>Cette association organise et anime des activit\u00e9s p\u00e9riscolaires destin\u00e9es \u00e0 soutenir l\u2019action \u00e9ducative des professeurs des \u00e9coles, sans se substituer au r\u00f4le p\u00e9dagogique de ceux-ci, et \u00e0 promouvoir l\u2019\u00e9veil de l\u2019enfant. <\/p>\n<p> mail:<a href=\"mailto:ape.lachausseesurmarne@yahoo.fr\">ape.lachausseesurmarne@yahoo.fr<\/a><\/p>\n","protected":false},"excerpt":{"rendered":"<p>Association des Parents d\u2019El\u00e8ves du groupement scolaire Ablancourt \u2013 Aulnay l\u2019A\u00eetre \u2013 La Chauss\u00e9e sur Marne Cette association organise et anime des activit\u00e9s p\u00e9riscolaires destin\u00e9es \u00e0 soutenir l\u2019action \u00e9ducative des professeurs des \u00e9coles, sans se substituer au r\u00f4le p\u00e9dagogique de ceux-ci, et \u00e0 promouvoir l\u2019\u00e9veil de l\u2019enfant. mail:ape.lachausseesurmarne@yahoo.fr<\/p>\n","protected":false},"author":3,"featured_media":0,"parent":87,"menu_order":0,"comment_status":"closed","ping_status":"closed","template":"","meta":{"footnotes":""},"class_list":["post-116","page","type-page","status-publish","hentry"],"_links":{"self":[{"href":"http:\/\/mairie-la-chaussee-sur-marne.fr\/index.php\/wp-json\/wp\/v2\/pages\/116","targetHints":{"allow":["GET"]}}],"collection":[{"href":"http:\/\/mairie-la-chaussee-sur-marne.fr\/index.php\/wp-json\/wp\/v2\/pages"}],"about":[{"href":"http:\/\/mairie-la-chaussee-sur-marne.fr\/index.php\/wp-json\/wp\/v2\/types\/page"}],"author":[{"embeddable":true,"href":"http:\/\/mairie-la-chaussee-sur-marne.fr\/index.php\/wp-json\/wp\/v2\/users\/3"}],"replies":[{"embeddable":true,"href":"http:\/\/mairie-la-chaussee-sur-marne.fr\/index.php\/wp-json\/wp\/v2\/comments?post=116"}],"version-history":[{"count":2,"href":"http:\/\/mairie-la-chaussee-sur-marne.fr\/index.php\/wp-json\/wp\/v2\/pages\/116\/revisions"}],"predecessor-version":[{"id":119,"href":"http:\/\/mairie-la-chaussee-sur-marne.fr\/index.php\/wp-json\/wp\/v2\/pages\/116\/revisions\/119"}],"up":[{"embeddable":true,"href":"http:\/\/mairie-la-chaussee-sur-marne.fr\/index.php\/wp-json\/wp\/v2\/pages\/87"}],"wp:attachment":[{"href":"http:\/\/mairie-la-chaussee-sur-marne.fr\/index.php\/wp-json\/wp\/v2\/media?parent=116"}],"curies":[{"name":"wp","href":"https:\/\/api.w.org\/{rel}","templated":true}]}}